{"id":200,"date":"2014-01-03T00:41:44","date_gmt":"2014-01-03T00:41:44","guid":{"rendered":"http:\/\/lindacastaneda.com\/web\/?page_id=200"},"modified":"2024-12-26T08:39:06","modified_gmt":"2024-12-26T07:39:06","slug":"materiales","status":"publish","type":"page","link":"https:\/\/www.lindacastaneda.com\/en\/docencia\/materiales\/","title":{"rendered":"Teaching Materials (some of them&#8230;)"},"content":{"rendered":"<p>Here you could find some of the teaching materials I develop to my students. I hope you find it useful.<\/p>\n<h4><strong>V\u00eddeos<\/strong>\u00a0Some videos that have been thought as didactic materials<\/h4>\n<ul>\n<li><a href=\"http:\/\/tv.um.es\/video?id=39601\"><strong>Introducci\u00f3n a los PLEs<\/strong><\/a>. Versi\u00f3n UM 2012<\/li>\n<li><a href=\"http:\/\/tv.um.es\/video?id=39611\"><strong>\u00bfNativos digitales o Residentes en la red?<\/strong><\/a>. Versi\u00f3n UM 2012<\/li>\n<li><a href=\"http:\/\/tv.um.es\/video?id=39621\"><strong>Identidad Digital<\/strong><\/a>. Versi\u00f3n UM 2012.<\/li>\n<li><a href=\"http:\/\/tv.um.es\/video?id=39631\"><strong>Educaci\u00f3n 2.0<\/strong><\/a>. Versi\u00f3n UM 2012<\/li>\n<li><a href=\"https:\/\/polimedia.upv.es\/visor\/?id=0f533ad9-5b71-df40-ada7-f443a0a5375c\"><strong>\u00bfC\u00f3mo preparar una presentaci\u00f3n oral?<\/strong><\/a>. Versi\u00f3n UPV 2012<\/li>\n<li><a href=\"https:\/\/polimedia.upv.es\/visor\/?id=30c7e168-e0a3-cf4e-9868-c5ff40baf043\"><strong>Dise\u00f1ar Presentaciones Visuales<\/strong><\/a>. Versi\u00f3n UPV 2012<\/li>\n<li><a href=\"https:\/\/polimedia.upv.es\/visor\/?id=3d23e998-e94e-da4e-b5b7-412d88b4c0ad\"><strong>Algunas claves para el BUEN uso del v\u00eddeo en la educaci\u00f3n<\/strong><\/a>. Versi\u00f3n UPV 2012<\/li>\n<li><a href=\"https:\/\/polimedia.upv.es\/visor\/?id=89104344-318c-d14e-abb9-35c62147bd9bc\"><strong>Ense\u00f1ar en tiempos de tecnolog\u00edas<\/strong><\/a>. Versi\u00f3n UPV 2012<\/li>\n<li><a href=\"https:\/\/polimedia.upv.es\/visor\/?id=c293d73c-2441-cd43-aeb5-49562dcfd8b6\"><strong>Algunos proyectos que hacen las cosas diferentes sin usar demasiadas &#8220;cosas&#8221;<\/strong><\/a>. Versi\u00f3n UPV 2012<\/li>\n<li><a href=\"http:\/\/www.um.es\/atica\/contenidos\/streaming\/FLASH\/player2.php?formato=169&amp;video=473\/1788.mp4\"><strong>\u00bfC\u00f3mo preparar una presentaci\u00f3n oral?<\/strong><\/a>. Versi\u00f3n UM 2011<\/li>\n<li><a href=\"http:\/\/www.um.es\/atica\/contenidos\/streaming\/FLASH\/player2.php?formato=169&amp;video=473\/1789.mp4\"><strong>\u00bfC\u00f3mo dise\u00f1ar una presentaci\u00f3n visual?<\/strong><\/a>. Versi\u00f3n UM 2011<\/li>\n<\/ul>\n<h4><strong>Practices &amp; Activity Guides <\/strong>that I have used at class (CC By-NC-SA).<\/h4>\n<ul>\n<li>Casta\u00f1eda, Linda (2024) <a href=\"https:\/\/univmurcia-my.sharepoint.com\/:b:\/r\/personal\/lindacq_um_es\/Documents\/docencia\/R%26ICT2324\/RICT2324_Resources.pdf?csf=1&amp;web=1&amp;e=5zCphW\" target=\"_blank\" rel=\"noopener\"><strong>Resources &amp; ICT Bilingual Group Activity Guides &amp; Teaching Materials<\/strong><\/a> course 23-24. Universidad de Murcia. Online Resources<\/li>\n<li>Casta\u00f1eda, Linda (2024) <a href=\"https:\/\/univmurcia-my.sharepoint.com\/:b:\/g\/personal\/lindacq_um_es\/EUV0rb3D0FdPpsXBCyyPbJEBF04sd3zAxEJmAqc6dic4oQ?e=KIsDdk\" target=\"_blank\" rel=\"noopener\"><strong>School Organization<\/strong><strong>\u00a0Activity Guides &amp; Teaching Materials<\/strong><\/a> course 23-24. Universidad de Murcia. Online Resources<\/li>\n<li>Casta\u00f1eda, Linda (2023) <a href=\"https:\/\/www.dropbox.com\/s\/i8socwfry9qay7e\/TAREAS_RICT2223.pdf?dl=0\" target=\"_blank\" rel=\"noopener\"><strong>Resources &amp; ICT Bilingual Group Activity Guides &amp; Teaching Materials<\/strong> course 21-23.<\/a> Universidad de Murcia. Online<\/li>\n<li>Casta\u00f1eda, Linda (2022) <a href=\"https:\/\/www.dropbox.com\/s\/j02p477vmk8nigv\/TAREAS_RICT2122.pdf?dl=0\" target=\"_blank\" rel=\"noopener\"><strong>Resources &amp; ICT Bilingual Group Activity Guides &amp; Teaching Materials<\/strong> course 21-22<\/a>. Universidad de Murcia. Online<\/li>\n<li>Casta\u00f1eda, Linda (2020) <a href=\"https:\/\/digitum.um.es\/digitum\/bitstream\/10201\/101016\/1\/RICT1920LCastaneda.pdf\" target=\"_blank\" rel=\"noopener\"><strong>Resources &amp; ICT Bilingual Group<\/strong><\/a> Activity Guides &amp; Teaching Materials. Universidad de Murcia. Online Available at <a href=\"http:\/\/hdl.handle.net\/10201\/101016\" target=\"_blank\" rel=\"noopener\">http:\/\/hdl.handle.net\/10201\/101016<\/a><\/li>\n<li>Casta\u00f1eda, L. (2016). <strong><a href=\"https:\/\/digitum.um.es\/xmlui\/bitstream\/10201\/51346\/1\/CompleteMaterial.pdf\">SCHOOL ORGANIZATION &amp; EDUCATIONAL RESOURCES<\/a><\/strong>.Activity Guides &amp; Teaching Materials. Universidad de Murcia. Online Available at\u00a0<a href=\"http:\/\/hdl.handle.net\/10201\/51346\">http:\/\/hdl.handle.net\/10201\/51346<\/a><\/li>\n<li>Casta\u00f1eda, L. (2016). <a href=\"https:\/\/digitum.um.es\/xmlui\/bitstream\/10201\/51347\/1\/complete%20Material.pdf\">ICT. Activity Guides &amp; Teaching Materials.<\/a> (from the course Research &amp; ICT) Online Available at\u00a0<a href=\"http:\/\/hdl.handle.net\/10201\/51347\">http:\/\/hdl.handle.net\/10201\/51347<\/a><\/li>\n<li>Casta\u00f1eda, L. (2015)\u00a0<strong>TIC, Brecha Digital y Proyectos Incluyentes. Curso 2014-2015.\u00a0<\/strong> Universidad de Murcia. DIsponibles online en\u00a0<a href=\"https:\/\/digitum.um.es\/xmlui\/bitstream\/10201\/51079\/1\/Materialdidacticocompleto.pdf\">https:\/\/digitum.um.es\/xmlui\/bitstream\/10201\/51079\/1\/Materialdidacticocompleto.pdf<\/a><\/li>\n<li>Casta\u00f1eda, L. (2012)\u00a0<strong>Pr\u00e1cticas en Ordenadores. Educaci\u00f3n Social y TIC. Curso 2011-2012<\/strong>\u00a0Universidad de Murcia Disponibles En http:\/\/digitum.um.es\/xmlui\/handle\/10201\/28453<\/li>\n<li><a href=\"http:\/\/digitum.um.es\/xmlui\/bitstream\/10201\/28453\/27\/programapracticas.pdf\">Planteamiento general de pr\u00e1cticas hecho en el curso 2011-2012<\/a><\/li>\n<li><strong>Pr\u00e1cticas de presentaci\u00f3n<\/strong>\n<ul>\n<li><a href=\"http:\/\/digitum.um.es\/xmlui\/bitstream\/10201\/28453\/16\/Pr%c3%a1ctica%200blog.pdf\">Mi diario de pr\u00e1cticas<\/a><\/li>\n<li><a href=\"http:\/\/digitum.um.es\/xmlui\/bitstream\/10201\/28453\/17\/PR%c3%81CTICA%201_10cosassobremi.pdf\">10 cosas sobre m\u00ed<\/a><\/li>\n<li><a href=\"http:\/\/digitum.um.es\/xmlui\/bitstream\/10201\/28453\/18\/PR%c3%81CTICA%202_la%20lineademitiempo.pdf\">La l\u00ednea de mi tiempo<\/a><\/li>\n<li><a href=\"http:\/\/digitum.um.es\/xmlui\/bitstream\/10201\/28453\/20\/PR%c3%81CTICA%204_twitter.pdf\">Twitter<\/a><\/li>\n<\/ul>\n<\/li>\n<li><strong>Publicaci\u00f3n y construcci\u00f3n colaborativa<\/strong>\n<ul>\n<li><a href=\"http:\/\/digitum.um.es\/xmlui\/bitstream\/10201\/28453\/21\/PR%c3%81CTICA%205_GDocs.pdf\">GDocs<\/a><\/li>\n<li><a href=\"http:\/\/digitum.um.es\/xmlui\/bitstream\/10201\/28453\/22\/PR%c3%81CTICA%206_videoportales.pdf\">Video portales<\/a><\/li>\n<li><a href=\"http:\/\/digitum.um.es\/xmlui\/bitstream\/10201\/28453\/23\/PR%c3%81CTICA%207_poster.pdf\">Posters y multimedia en red<\/a><\/li>\n<\/ul>\n<\/li>\n<li><strong>Seguimiento de la actividad en red<\/strong>\n<ul>\n<li><a href=\"http:\/\/digitum.um.es\/xmlui\/bitstream\/10201\/28453\/24\/PR%c3%81CTICA%208_Marcadores.pdf\">Marcadores Sociales<\/a><\/li>\n<li><a href=\"http:\/\/digitum.um.es\/xmlui\/bitstream\/10201\/28453\/25\/PR%c3%81CTICA%209_RSS.pdf\">RSS<\/a><\/li>\n<li><a href=\"http:\/\/digitum.um.es\/xmlui\/bitstream\/10201\/28453\/26\/PR%c3%81CTICA%2010_escritoriosred.pdf\">Escritorios en Red<\/a><\/li>\n<\/ul>\n<\/li>\n<li>Casta\u00f1eda, L. (2010)\u00a0<strong>Pr\u00e1cticas de Nuevas Tecnolog\u00edas, curso 2010-2011.<\/strong>\u00a0Universidad de Murcia Disponibles En http:\/\/digitum.um.es\/xmlui\/handle\/10201\/27834\n<ul>\n<li><a href=\"http:\/\/digitum.um.es\/xmlui\/bitstream\/10201\/27834\/1\/1blog.pdf\">Blog<\/a><\/li>\n<li><a href=\"http:\/\/digitum.um.es\/xmlui\/bitstream\/10201\/27834\/2\/3googledocsmusical.pdf\">GDocs<\/a><\/li>\n<li><a href=\"http:\/\/digitum.um.es\/xmlui\/bitstream\/10201\/27834\/3\/4twitter.pdf\">Twitter<\/a><\/li>\n<li><a href=\"http:\/\/digitum.um.es\/xmlui\/bitstream\/10201\/27834\/4\/6GMaps.pdf\">Geolocalizaci\u00f3n<\/a><\/li>\n<li><a href=\"http:\/\/digitum.um.es\/xmlui\/bitstream\/10201\/27834\/5\/7wix.pdf\">Wix<\/a><\/li>\n<li><a href=\"http:\/\/digitum.um.es\/xmlui\/bitstream\/10201\/27834\/6\/8marcadoressociales.pdf\">Marcadores Sociales<\/a><\/li>\n<li><a href=\"http:\/\/digitum.um.es\/xmlui\/bitstream\/10201\/27834\/7\/9Netvibes.pdf\">Netvibes<\/a><\/li>\n<li><a href=\"http:\/\/digitum.um.es\/xmlui\/bitstream\/10201\/27834\/8\/10gliffy.pdf\">Gliffy &amp; PLE<\/a><\/li>\n<li><a href=\"http:\/\/digitum.um.es\/xmlui\/bitstream\/10201\/27834\/9\/210cosassobremi.pdf\">Flickr<\/a><\/li>\n<\/ul>\n<\/li>\n<li>Casta\u00f1eda, L. y Soto, F.J. (2010)\u00a0<a href=\"http:\/\/digitum.um.es\/xmlui\/bitstream\/10201\/13527\/1\/completo.pdf\">TIC y Educaci\u00f3n Social: un planteamiento metodol\u00f3gico para el curso 2009-2010.<\/a>\u00a0Universidad de Murcia. Disponible en: http:\/\/digitum.um.es\/xmlui\/handle\/10201\/13527\u00a0<em>Contiene todos los documentos de indicaciones que dimos los alumnos para el desarrollo de la asignatura incluyendo teor\u00eda y pr\u00e1cticas<\/em><\/li>\n<li>Casta\u00f1eda L. y Gutierrez, I. (2010).<a href=\"https:\/\/digitum.um.es\/xmlui\/bitstream\/10201\/17252\/1\/gutierrez_castaneda.pdf\">Propuestas pr\u00e1cticas en torno a la Identidad Digital de los adolescentes y su formaci\u00f3n en el contexto de las Redes Sociales.<\/a> Universidad de Murcia, Disponible en\u00a0<a href=\"https:\/\/digitum.um.es\/xmlui\/bitstream\/10201\/17252\/1\/gutierrez_castaneda.pdf\">https:\/\/digitum.um.es\/xmlui\/bitstream\/10201\/17252\/1\/gutierrez_castaneda.pdf<\/a><\/li>\n<\/ul>\n<p>IMPORTANT: all my slideshows are available at\u00a0\u00a0<a href=\"http:\/\/www.slideshare.net\/lindacq\">my slideshare<\/a>\u00a0channel where I am, of course, \u00a0<em>lindacq<\/em><\/p>","protected":false},"excerpt":{"rendered":"<p>Here you could find some of the teaching materials I develop to my students. I hope you find it useful. V\u00eddeos\u00a0Some videos that have been thought as didactic materials Introducci\u00f3n a los PLEs. Versi\u00f3n UM 2012 \u00bfNativos digitales o Residentes en la red?. Versi\u00f3n UM 2012 Identidad Digital. Versi\u00f3n UM 2012. Educaci\u00f3n 2.0. Versi\u00f3n UM <a class=\"read-more\" href=\"https:\/\/www.lindacastaneda.com\/en\/docencia\/materiales\/\">Read More<\/a><\/p>\n","protected":false},"author":1,"featured_media":0,"parent":196,"menu_order":10,"comment_status":"closed","ping_status":"closed","template":"","meta":{"om_disable_all_campaigns":false,"_monsterinsights_skip_tracking":false,"_monsterinsights_sitenote_active":false,"_monsterinsights_sitenote_note":"","_monsterinsights_sitenote_category":0,"_vp_format_video_url":"","_vp_image_focal_point":[],"footnotes":""},"class_list":["post-200","page","type-page","status-publish","hentry"],"_links":{"self":[{"href":"https:\/\/www.lindacastaneda.com\/en\/wp-json\/wp\/v2\/pages\/200","targetHints":{"allow":["GET"]}}],"collection":[{"href":"https:\/\/www.lindacastaneda.com\/en\/wp-json\/wp\/v2\/pages"}],"about":[{"href":"https:\/\/www.lindacastaneda.com\/en\/wp-json\/wp\/v2\/types\/page"}],"author":[{"embeddable":true,"href":"https:\/\/www.lindacastaneda.com\/en\/wp-json\/wp\/v2\/users\/1"}],"replies":[{"embeddable":true,"href":"https:\/\/www.lindacastaneda.com\/en\/wp-json\/wp\/v2\/comments?post=200"}],"version-history":[{"count":5,"href":"https:\/\/www.lindacastaneda.com\/en\/wp-json\/wp\/v2\/pages\/200\/revisions"}],"predecessor-version":[{"id":2328,"href":"https:\/\/www.lindacastaneda.com\/en\/wp-json\/wp\/v2\/pages\/200\/revisions\/2328"}],"up":[{"embeddable":true,"href":"https:\/\/www.lindacastaneda.com\/en\/wp-json\/wp\/v2\/pages\/196"}],"wp:attachment":[{"href":"https:\/\/www.lindacastaneda.com\/en\/wp-json\/wp\/v2\/media?parent=200"}],"curies":[{"name":"wp","href":"https:\/\/api.w.org\/{rel}","templated":true}]}}