{"id":1885,"date":"2022-09-24T11:31:57","date_gmt":"2022-09-24T09:31:57","guid":{"rendered":"https:\/\/www.lindacastaneda.com\/?page_id=1885"},"modified":"2025-09-19T18:56:11","modified_gmt":"2025-09-19T16:56:11","slug":"proyectos-financiados","status":"publish","type":"page","link":"https:\/\/www.lindacastaneda.com\/en\/proyectos-financiados\/","title":{"rendered":"Funded Projects"},"content":{"rendered":"<p><\/p>\n<h2><span style=\"color: #ff6600;\">In works&#8230; completed soon<\/span><\/h2>\n<h2>Current<\/h2>\n<h2><\/h2>\n<ul>\n<li><strong>CUTIE\u00a0<\/strong><strong>Competences for Universities using Technology in Education and Institutional Empowerment\u00a0 <\/strong>info at https:\/\/cutie.unak.is\/\u00a0 IP at UM: Linda Casta\u00f1eda\u00a0<strong>2023-2025<\/strong><\/li>\n<li><strong>CODICRI &#8220;Critical Digital Competence: Towards Agency for Learning through Open Educational Practices&#8221; &#8220;Competencia Digital Cr\u00edtica: hacia la agencia para el aprendizaje a trav\u00e9s de pr\u00e1cticas educativas abiertas&#8221;\u00a0 <\/strong><a href=\"https:\/\/competecs.udl.cat\/proyectos\/investigacion\/codicri\/\" target=\"_blank\" rel=\"noopener\">https:\/\/competecs.udl.cat\/proyectos\/investigacion\/codicri\/\u00a0 <\/a><strong>2023-2026 <\/strong>PI: Victoria Marin<\/li>\n<li><strong>COPLITELE-IA Flexible learning scenarios and strategies in connected environments based on educational co-design and generative AI<\/strong> (PID2024-157113OB-100)<strong> 2025-2028 <\/strong>PI: Barbara De Benito &amp; Aantonia Darder<\/li>\n<\/ul>\n<h2>Finished<\/h2>\n<ul>\n<li><strong>DIGCOMPEDU Formaci\u00f3n y Acreditaci\u00f3n (DigCompEdu FyA)<\/strong> informaci\u00f3n del proyecto en https:\/\/www.lindacastaneda.com\/digcompedufya\/\u00a0<strong>2022-2024\u00a0<\/strong>IP Juan Ram\u00f3n Velasco, Pedro Ruiz.<\/li>\n<li><strong>COPLITELE: Codise\u00f1o de itinerarios personales de aprendizaje en entornos conectados en educaci\u00f3n superior.<\/strong> Universitat de les Illes Balears. <strong>2021 &#8211; 2024.<\/strong> PI: Adolfina P\u00e9rez &amp; Barbara De Benito<\/li>\n<li><strong>CUTE<\/strong> &#8220;<strong>Competencies for Universities &#8211; using Technology in Education&#8221; <\/strong>for more information go to <a href=\"https:\/\/cute.ku.dk\/\" target=\"_blank\" rel=\"noopener noreferrer\">https:\/\/cute.ku.dk\/<\/a> <strong>2018-2022<\/strong>. <a href=\"http:\/\/www.um.es\/cute\" target=\"_blank\" rel=\"noopener\">http:\/\/www.um.es\/cute<\/a>\u00a0 PI at UM: Linda Casta\u00f1eda<\/li>\n<li><strong>ARS-SELFIE: Digital Competences in Spanish Education: Strategic Regional Approaches<\/strong>. Joint Research Center de la Uni\u00f3n Europea. <strong>2022-2023<\/strong> IP: Linda Casta\u00f1eda<\/li>\n<li><span style=\"box-sizing: border-box; margin: 0px; padding: 0px;\"><strong>DALI:<\/strong>\u00a0<strong>&#8220;Data Literacy for citizens&#8221;<\/strong>\u00a0For more info, go to\u00a0<a href=\"https:\/\/slate.uib.no\/post\/data-literacy-for-citizenship\" target=\"_blank\" rel=\"noopener\">https:\/\/slate.uib.no\/post\/data-literacy-for-citizenship<\/a> .<\/span>\u00a0<strong>2020-2023<\/strong> UM web <a href=\"https:\/\/www.um.es\/dliteracy\/\" target=\"_blank\" rel=\"noopener\">https:\/\/www.um.es\/dliteracy\/<\/a>\u00a0 IP at UM: Linda Casta\u00f1eda<\/li>\n<li><strong>ESSENCE<\/strong> &#8220;Entrepreneurial skills in schools education: nurturing citizenship and entrepreneurship&#8221;<br \/>\nfor more information go to <a href=\"https:\/\/www.um.es\/essenceeu\" target=\"_blank\" rel=\"noopener noreferrer\">https:\/\/www.um.es\/essenceeu<\/a> IP at the UM:\u00a0 Linda Casta\u00f1eda<\/li>\n<li><strong>Estrategias metodol\u00f3gicas para la personalizaci\u00f3n de itinerarios de aprendizaje en entornos enriquecidos por tecnolog\u00eda<\/strong>. EDU2017-84223-R . Ministerio de Econom\u00eda y Competitividad. Coord. Instituto de investigaci\u00f3n e innovaci\u00f3n educativa de la Universitat de Illes Balears. <strong>2018-2021.<\/strong> IP: Jes\u00fas Salinas<\/li>\n<li><strong>EMDIGITAL<\/strong> <strong>Competencias para el emprendimiento digital de los estudiantes universitarios<\/strong>. Entidad de realizaci\u00f3n: Universidad de Murcia Tipo de entidad: Universidad Ciudad entidad realizaci\u00f3n: <strong>2019 &#8211; 2022.<\/strong> IP: MPaz Prendes<\/li>\n<li><strong>Ecolog\u00edas de Aprendizaje en la Era Digital: nuevas oportunidades para la formaci\u00f3n del profesorado de Educaci\u00f3n Secundaria.<\/strong> Entidad de realizaci\u00f3n: Universidad de la Coru\u00f1a. <strong>2019 &#8211; 2021.<\/strong> IP: Mercedes Gonz\u00e1lez Sanmamed<\/li>\n<\/ul>\n<p><\/p>","protected":false},"excerpt":{"rendered":"<p>In works&#8230; completed soon Current CUTIE\u00a0Competences for Universities using Technology in Education and Institutional Empowerment\u00a0 info at https:\/\/cutie.unak.is\/\u00a0 IP at UM: Linda Casta\u00f1eda\u00a02023-2025 CODICRI &#8220;Critical Digital Competence: Towards Agency for Learning through Open Educational Practices&#8221; &#8220;Competencia Digital Cr\u00edtica: hacia la agencia para el aprendizaje a trav\u00e9s de pr\u00e1cticas educativas abiertas&#8221;\u00a0 https:\/\/competecs.udl.cat\/proyectos\/investigacion\/codicri\/\u00a0 2023-2026 PI: Victoria Marin <a class=\"read-more\" href=\"https:\/\/www.lindacastaneda.com\/en\/proyectos-financiados\/\">Read More<\/a><\/p>\n","protected":false},"author":1,"featured_media":0,"parent":0,"menu_order":0,"comment_status":"closed","ping_status":"closed","template":"","meta":{"om_disable_all_campaigns":false,"_monsterinsights_skip_tracking":false,"_monsterinsights_sitenote_active":false,"_monsterinsights_sitenote_note":"","_monsterinsights_sitenote_category":0,"_vp_format_video_url":"","_vp_image_focal_point":[],"footnotes":""},"class_list":["post-1885","page","type-page","status-publish","hentry"],"_links":{"self":[{"href":"https:\/\/www.lindacastaneda.com\/en\/wp-json\/wp\/v2\/pages\/1885","targetHints":{"allow":["GET"]}}],"collection":[{"href":"https:\/\/www.lindacastaneda.com\/en\/wp-json\/wp\/v2\/pages"}],"about":[{"href":"https:\/\/www.lindacastaneda.com\/en\/wp-json\/wp\/v2\/types\/page"}],"author":[{"embeddable":true,"href":"https:\/\/www.lindacastaneda.com\/en\/wp-json\/wp\/v2\/users\/1"}],"replies":[{"embeddable":true,"href":"https:\/\/www.lindacastaneda.com\/en\/wp-json\/wp\/v2\/comments?post=1885"}],"version-history":[{"count":3,"href":"https:\/\/www.lindacastaneda.com\/en\/wp-json\/wp\/v2\/pages\/1885\/revisions"}],"predecessor-version":[{"id":2405,"href":"https:\/\/www.lindacastaneda.com\/en\/wp-json\/wp\/v2\/pages\/1885\/revisions\/2405"}],"wp:attachment":[{"href":"https:\/\/www.lindacastaneda.com\/en\/wp-json\/wp\/v2\/media?parent=1885"}],"curies":[{"name":"wp","href":"https:\/\/api.w.org\/{rel}","templated":true}]}}