{"id":1871,"date":"2022-07-25T12:29:56","date_gmt":"2022-07-25T10:29:56","guid":{"rendered":"https:\/\/www.lindacastaneda.com\/?page_id=1871"},"modified":"2022-07-25T12:29:56","modified_gmt":"2022-07-25T10:29:56","slug":"ars-selfie","status":"publish","type":"page","link":"https:\/\/www.lindacastaneda.com\/en\/ars-selfie\/","title":{"rendered":"ARS-Selfie"},"content":{"rendered":"<h2>Digital Competences in Spanish Education: Strategic Regional Approaches<\/h2>\n<h1>ARS-SELFIE<\/h1>\n<h3>IP Linda Casta\u00f1eda<br \/>\nUniversidad de Murcia<\/h3>\n<h4>Objective:<\/h4>\n<p>The main goal of the contract is to explore and understand the political approaches that every Autonomous Region in Spain have developed to increase the Digital Competences (DC) of their Teachers and Schools. The ambition is to identify how the JRC tools (SELFIE, SELFIE FOR TEACHERS) have been included\/used\/inspired \u2013or not\u2013in these developments, at least at the regulatory level.<\/p>\n<h4>Ambit:<\/h4>\n<p>17 Spanish Autonomous Communities: Andaluc\u00eda, Arag\u00f3n, Islas Baleares, Canarias, Cantabria, Castilla-La Mancha, Castilla y Le\u00f3n, Catalu\u00f1a, Comunidad de Madrid, Comunidad Foral de Navarra, Comunidad Valenciana, Extremadura, Galicia, Pa\u00eds Vasco, Principado de Asturias, Regi\u00f3n de Murcia y La Rioja<\/p>\n","protected":false},"excerpt":{"rendered":"<p>Digital Competences in Spanish Education: Strategic Regional Approaches ARS-SELFIE IP Linda Casta\u00f1eda Universidad de Murcia Objective: The main goal of the contract is to explore and understand the political approaches that every Autonomous Region in Spain have developed to increase the Digital Competences (DC) of their Teachers and Schools. The ambition is to identify how <a class=\"read-more\" href=\"https:\/\/www.lindacastaneda.com\/en\/ars-selfie\/\">Read More<\/a><\/p>\n","protected":false},"author":1,"featured_media":0,"parent":0,"menu_order":0,"comment_status":"closed","ping_status":"closed","template":"","meta":{"om_disable_all_campaigns":false,"_monsterinsights_skip_tracking":false,"_monsterinsights_sitenote_active":false,"_monsterinsights_sitenote_note":"","_monsterinsights_sitenote_category":0,"episode_type":"","audio_file":"","podmotor_file_id":"","podmotor_episode_id":"","cover_image":"","cover_image_id":"","duration":"","filesize":"","filesize_raw":"","date_recorded":"","explicit":"","block":"","itunes_episode_number":"","itunes_title":"","itunes_season_number":"","itunes_episode_type":"","_vp_format_video_url":"","_vp_image_focal_point":[],"footnotes":""},"class_list":["post-1871","page","type-page","status-publish","hentry"],"_links":{"self":[{"href":"https:\/\/www.lindacastaneda.com\/en\/wp-json\/wp\/v2\/pages\/1871","targetHints":{"allow":["GET"]}}],"collection":[{"href":"https:\/\/www.lindacastaneda.com\/en\/wp-json\/wp\/v2\/pages"}],"about":[{"href":"https:\/\/www.lindacastaneda.com\/en\/wp-json\/wp\/v2\/types\/page"}],"author":[{"embeddable":true,"href":"https:\/\/www.lindacastaneda.com\/en\/wp-json\/wp\/v2\/users\/1"}],"replies":[{"embeddable":true,"href":"https:\/\/www.lindacastaneda.com\/en\/wp-json\/wp\/v2\/comments?post=1871"}],"version-history":[{"count":0,"href":"https:\/\/www.lindacastaneda.com\/en\/wp-json\/wp\/v2\/pages\/1871\/revisions"}],"wp:attachment":[{"href":"https:\/\/www.lindacastaneda.com\/en\/wp-json\/wp\/v2\/media?parent=1871"}],"curies":[{"name":"wp","href":"https:\/\/api.w.org\/{rel}","templated":true}]}}