{"id":1360,"date":"2019-05-14T14:14:34","date_gmt":"2019-05-14T12:14:34","guid":{"rendered":"http:\/\/www.lindacastaneda.com\/?page_id=1360"},"modified":"2019-05-14T14:14:34","modified_gmt":"2019-05-14T12:14:34","slug":"mis-estancias-de-investigacion-blog","status":"publish","type":"page","link":"https:\/\/www.lindacastaneda.com\/en\/publicaciones\/mis-estancias-de-investigacion-blog\/","title":{"rendered":"(Espa\u00f1ol) Mis estancias de Investigaci\u00f3n (Blog)"},"content":{"rendered":"<p class=\"qtranxs-available-languages-message qtranxs-available-languages-message-en\">Sorry, this entry is only available in <a href=\"https:\/\/www.lindacastaneda.com\/es\/wp-json\/wp\/v2\/pages\/1360\" class=\"qtranxs-available-language-link qtranxs-available-language-link-es\" title=\"Espa\u00f1ol\">Espa\u00f1ol<\/a>.<\/p><p>De vez en cuando hago estancias de investigaci\u00f3n fuera de casa y a veces suelo contar mis aventuras.<br \/>\nSi te apetece seguirlas, tienes un blog (reconvertido en VideoBlog) aqu\u00ed:<\/p>\n<h4><a href=\"https:\/\/lindacq.blogspot.com\/\" target=\"_blank\" rel=\"noopener noreferrer\">https:\/\/lindacq.blogspot.com\/<\/a>.<\/h4>\n<p>Est\u00e1 tambi\u00e9n el canal de Youtube, pero en ese blog tienes las entradas ordenadas cronol\u00f3gicamente y puedes &#8220;seguir&#8221; con cierta coherencia el desarrollo de la historia.<\/p>\n<p>\u00a1Saludos!<\/p>","protected":false},"excerpt":{"rendered":"<p>Sorry, this entry is only available in Espa\u00f1ol.De vez en cuando hago estancias de investigaci\u00f3n fuera de casa y a veces suelo contar mis aventuras. Si te apetece seguirlas, tienes un blog (reconvertido en VideoBlog) aqu\u00ed: https:\/\/lindacq.blogspot.com\/. Est\u00e1 tambi\u00e9n el canal de Youtube, pero en ese blog tienes las entradas ordenadas cronol\u00f3gicamente y puedes &#8220;seguir&#8221; <a class=\"read-more\" href=\"https:\/\/www.lindacastaneda.com\/en\/publicaciones\/mis-estancias-de-investigacion-blog\/\">Read More<\/a><\/p>\n","protected":false},"author":1,"featured_media":0,"parent":203,"menu_order":50,"comment_status":"closed","ping_status":"closed","template":"page-templates\/pagebuilder.php","meta":{"om_disable_all_campaigns":false,"_monsterinsights_skip_tracking":false,"_monsterinsights_sitenote_active":false,"_monsterinsights_sitenote_note":"","_monsterinsights_sitenote_category":0,"_vp_format_video_url":"","_vp_image_focal_point":[],"footnotes":""},"class_list":["post-1360","page","type-page","status-publish","hentry"],"_links":{"self":[{"href":"https:\/\/www.lindacastaneda.com\/en\/wp-json\/wp\/v2\/pages\/1360","targetHints":{"allow":["GET"]}}],"collection":[{"href":"https:\/\/www.lindacastaneda.com\/en\/wp-json\/wp\/v2\/pages"}],"about":[{"href":"https:\/\/www.lindacastaneda.com\/en\/wp-json\/wp\/v2\/types\/page"}],"author":[{"embeddable":true,"href":"https:\/\/www.lindacastaneda.com\/en\/wp-json\/wp\/v2\/users\/1"}],"replies":[{"embeddable":true,"href":"https:\/\/www.lindacastaneda.com\/en\/wp-json\/wp\/v2\/comments?post=1360"}],"version-history":[{"count":0,"href":"https:\/\/www.lindacastaneda.com\/en\/wp-json\/wp\/v2\/pages\/1360\/revisions"}],"up":[{"embeddable":true,"href":"https:\/\/www.lindacastaneda.com\/en\/wp-json\/wp\/v2\/pages\/203"}],"wp:attachment":[{"href":"https:\/\/www.lindacastaneda.com\/en\/wp-json\/wp\/v2\/media?parent=1360"}],"curies":[{"name":"wp","href":"https:\/\/api.w.org\/{rel}","templated":true}]}}